{"id":7,"date":"2021-08-30T13:27:49","date_gmt":"2021-08-30T11:27:49","guid":{"rendered":"http:\/\/demoword.esale.com.pl\/?page_id=7"},"modified":"2021-08-30T14:57:08","modified_gmt":"2021-08-30T12:57:08","slug":"nowe-muzeum-sztuki-nowoczesnej-otwarlo-swoje-powoje","status":"publish","type":"page","link":"http:\/\/demoword.esale.com.pl\/","title":{"rendered":"Sprawd\u017a nasze najlepsze us\u0142ugi."},"content":{"rendered":"\n<div class=\"wp-block-group alignwide\"><div class=\"wp-block-group__inner-container is-layout-flow wp-block-group-is-layout-flow\">\n<h2 class=\"has-text-align-center wp-block-heading\">Realizujemy spania\u0142e us\u0142ugi i jeste\u015bmy super firm\u0105.<\/h2>\n<\/div><\/div>\n\n\n\n<div class=\"wp-block-media-text alignwide is-stacked-on-mobile\"><figure class=\"wp-block-media-text__media\"><img loading=\"lazy\" decoding=\"async\" width=\"1024\" height=\"313\" src=\"http:\/\/demoword.esale.com.pl\/wp-content\/uploads\/2021\/08\/slide-1-1024x313.jpg\" alt=\"\" class=\"wp-image-40 size-full\" srcset=\"http:\/\/demoword.esale.com.pl\/wp-content\/uploads\/2021\/08\/slide-1-1024x313.jpg 1024w, http:\/\/demoword.esale.com.pl\/wp-content\/uploads\/2021\/08\/slide-1-300x92.jpg 300w, http:\/\/demoword.esale.com.pl\/wp-content\/uploads\/2021\/08\/slide-1-768x235.jpg 768w, http:\/\/demoword.esale.com.pl\/wp-content\/uploads\/2021\/08\/slide-1-1536x469.jpg 1536w, http:\/\/demoword.esale.com.pl\/wp-content\/uploads\/2021\/08\/slide-1-1200x367.jpg 1200w, http:\/\/demoword.esale.com.pl\/wp-content\/uploads\/2021\/08\/slide-1.jpg 1800w\" sizes=\"auto, (max-width: 1024px) 100vw, 1024px\" \/><\/figure><div class=\"wp-block-media-text__content\">\n<p class=\"has-large-font-size\">Super produkty w super cenach. Sprawd\u017a jak jeste\u015bmy super.<\/p>\n<\/div><\/div>\n\n\n\n<div class=\"wp-block-columns alignwide are-vertically-aligned-center is-layout-flex wp-container-core-columns-is-layout-9d6595d7 wp-block-columns-is-layout-flex\"><\/div>\n\n\n\n<figure class=\"wp-block-image alignfull size-large\"><img loading=\"lazy\" decoding=\"async\" width=\"1024\" height=\"313\" src=\"http:\/\/demoword.esale.com.pl\/wp-content\/uploads\/2021\/08\/slider3-1024x313.jpg\" alt=\"\" class=\"wp-image-39\" srcset=\"http:\/\/demoword.esale.com.pl\/wp-content\/uploads\/2021\/08\/slider3-1024x313.jpg 1024w, http:\/\/demoword.esale.com.pl\/wp-content\/uploads\/2021\/08\/slider3-300x92.jpg 300w, http:\/\/demoword.esale.com.pl\/wp-content\/uploads\/2021\/08\/slider3-768x235.jpg 768w, http:\/\/demoword.esale.com.pl\/wp-content\/uploads\/2021\/08\/slider3-1536x469.jpg 1536w, http:\/\/demoword.esale.com.pl\/wp-content\/uploads\/2021\/08\/slider3-1200x367.jpg 1200w, http:\/\/demoword.esale.com.pl\/wp-content\/uploads\/2021\/08\/slider3.jpg 1800w\" sizes=\"auto, (max-width: 1024px) 100vw, 1024px\" \/><\/figure>\n\n\n\n<div class=\"wp-block-group alignwide\"><div class=\"wp-block-group__inner-container is-layout-flow wp-block-group-is-layout-flow\">\n<h2 class=\"has-text-align-center has-accent-color has-text-color wp-block-heading\">\u201cCyborgi, jak ustali\u0142a filozof Donna Haraway, nie okazuj\u0105 czci. Nie pami\u0119taj\u0105 kosmosu.\u201d<\/h2>\n<\/div><\/div>\n\n\n\n<p class=\"has-drop-cap\">Na siedmiu pi\u0119trach efektownej architektury Muzeum Sztuki Nowoczesnej mo\u017cna zobaczy\u0107 wystawy mi\u0119dzynarodowej sztuki wsp\u00f3\u0142czesnej, czasami wraz z historyczn\u0105 retrospektyw\u0105. Zagadnienia egzystencjalne, polityczne i filozoficzne s\u0105 g\u0142\u00f3wnym w\u0105tkiem programu. Dla odwiedzaj\u0105cych przygotowane zosta\u0142y r\u00f3\u017cne formy zwiedzania jak np. oprowadzanie z przewodnikiem, spotkania z artystami, wyk\u0142ady, pokazy filmowe i wiele innych. Wst\u0119p jest wolny.<\/p>\n\n\n\n<p>Wystawy powstaj\u0105 przy wsp\u00f3\u0142pracy Muzeum Sztuki Nowoczesnej z artystami i muzeami na ca\u0142ym \u015bwiecie, przez co bardzo cz\u0119sto przyci\u0105gaj\u0105 uwag\u0119 mi\u0119dzynarodow\u0105. Muzeum Sztuki Nowoczesnej otrzyma\u0142o specjalne wyr\u00f3\u017cnienie Europejskiego Muzeum Roku i by\u0142o jednym z najlepszych kandydat\u00f3w do nagrody Szwedzkiego Muzeum Roku, a tak\u017ce do nagrody Muzeum Rady Europy.<\/p>\n\n\n\n<p><\/p>\n\n\n\n<figure class=\"wp-block-gallery alignwide columns-2 is-cropped wp-block-gallery-1 is-layout-flex wp-block-gallery-is-layout-flex\"><ul class=\"blocks-gallery-grid\"><li class=\"blocks-gallery-item\"><figure><img decoding=\"async\" src=\"http:\/\/demoword.esale.com.pl\/wp-content\/themes\/twentytwenty\/assets\/images\/2020-square-2.png\" alt=\"\" data-id=\"39\" data-full-url=\"http:\/\/demoword.esale.com.pl\/wp-content\/themes\/twentytwenty\/assets\/images\/2020-square-2.png\" data-link=\"assets\/images\/2020-square-2\/\" class=\"wp-image-39\"\/><\/figure><\/li><li class=\"blocks-gallery-item\"><figure><img decoding=\"async\" src=\"http:\/\/demoword.esale.com.pl\/wp-content\/themes\/twentytwenty\/assets\/images\/2020-square-1.png\" alt=\"\" data-id=\"38\" data-full-url=\"http:\/\/demoword.esale.com.pl\/wp-content\/themes\/twentytwenty\/assets\/images\/2020-square-1.png\" data-link=\"http:\/\/demoword.esale.com.pl\/wp-content\/themes\/twentytwenty\/assets\/images\/2020-square-1\/\" class=\"wp-image-38\"\/><\/figure><\/li><\/ul><\/figure>\n","protected":false},"excerpt":{"rendered":"<p>Realizujemy spania\u0142e us\u0142ugi i jeste\u015bmy super firm\u0105. Super produkty w super cenach. Sprawd\u017a jak jeste\u015bmy super. \u201cCyborgi, jak ustali\u0142a filozof Donna Haraway, nie okazuj\u0105 czci. Nie pami\u0119taj\u0105 kosmosu.\u201d Na siedmiu pi\u0119trach efektownej architektury Muzeum Sztuki Nowoczesnej mo\u017cna zobaczy\u0107 wystawy mi\u0119dzynarodowej sztuki wsp\u00f3\u0142czesnej, czasami wraz z historyczn\u0105 retrospektyw\u0105. Zagadnienia egzystencjalne, polityczne i filozoficzne s\u0105 g\u0142\u00f3wnym w\u0105tkiem [&hellip;]<\/p>\n","protected":false},"author":1,"featured_media":0,"parent":0,"menu_order":0,"comment_status":"closed","ping_status":"closed","template":"","meta":{"footnotes":""},"class_list":["post-7","page","type-page","status-publish","hentry"],"_links":{"self":[{"href":"http:\/\/demoword.esale.com.pl\/index.php\/wp-json\/wp\/v2\/pages\/7","targetHints":{"allow":["GET"]}}],"collection":[{"href":"http:\/\/demoword.esale.com.pl\/index.php\/wp-json\/wp\/v2\/pages"}],"about":[{"href":"http:\/\/demoword.esale.com.pl\/index.php\/wp-json\/wp\/v2\/types\/page"}],"author":[{"embeddable":true,"href":"http:\/\/demoword.esale.com.pl\/index.php\/wp-json\/wp\/v2\/users\/1"}],"replies":[{"embeddable":true,"href":"http:\/\/demoword.esale.com.pl\/index.php\/wp-json\/wp\/v2\/comments?post=7"}],"version-history":[{"count":13,"href":"http:\/\/demoword.esale.com.pl\/index.php\/wp-json\/wp\/v2\/pages\/7\/revisions"}],"predecessor-version":[{"id":50,"href":"http:\/\/demoword.esale.com.pl\/index.php\/wp-json\/wp\/v2\/pages\/7\/revisions\/50"}],"wp:attachment":[{"href":"http:\/\/demoword.esale.com.pl\/index.php\/wp-json\/wp\/v2\/media?parent=7"}],"curies":[{"name":"wp","href":"https:\/\/api.w.org\/{rel}","templated":true}]}}